{"id":81,"date":"2022-06-05T00:23:15","date_gmt":"2022-06-04T22:23:15","guid":{"rendered":"https:\/\/chatamala.cz\/?page_id=81"},"modified":"2025-02-11T00:21:54","modified_gmt":"2025-02-10T23:21:54","slug":"nakouknete","status":"publish","type":"page","link":"https:\/\/chatamala.cz\/?page_id=81","title":{"rendered":"Nakoukn\u011bte"},"content":{"rendered":"\n<div class=\"wp-block-columns alignwide is-layout-flex wp-container-core-columns-is-layout-28f84493 wp-block-columns-is-layout-flex\">\n<div class=\"wp-block-column is-layout-flow wp-block-column-is-layout-flow\" style=\"flex-basis:100%\">\n<div class=\"wp-block-group\"><div class=\"wp-block-group__inner-container is-layout-flow wp-block-group-is-layout-flow\">\n<figure class=\"wp-block-image size-large\"><img loading=\"lazy\" decoding=\"async\" width=\"1024\" height=\"461\" src=\"https:\/\/chatamala.cz\/wp-content\/uploads\/2022\/06\/20210827_101636-1024x461.jpg\" alt=\"\" class=\"wp-image-33\" srcset=\"https:\/\/chatamala.cz\/wp-content\/uploads\/2022\/06\/20210827_101636-1024x461.jpg 1024w, https:\/\/chatamala.cz\/wp-content\/uploads\/2022\/06\/20210827_101636-300x135.jpg 300w, https:\/\/chatamala.cz\/wp-content\/uploads\/2022\/06\/20210827_101636-768x346.jpg 768w, https:\/\/chatamala.cz\/wp-content\/uploads\/2022\/06\/20210827_101636-1536x691.jpg 1536w, https:\/\/chatamala.cz\/wp-content\/uploads\/2022\/06\/20210827_101636-2048x922.jpg 2048w\" sizes=\"auto, (max-width: 1024px) 100vw, 1024px\" \/><figcaption class=\"wp-element-caption\">kuchy\u0148ka<\/figcaption><\/figure>\n\n\n\n<figure class=\"wp-block-image size-large\"><img loading=\"lazy\" decoding=\"async\" width=\"1024\" height=\"461\" src=\"https:\/\/chatamala.cz\/wp-content\/uploads\/2022\/06\/20210827_101716-1024x461.jpg\" alt=\"\" class=\"wp-image-34\" srcset=\"https:\/\/chatamala.cz\/wp-content\/uploads\/2022\/06\/20210827_101716-1024x461.jpg 1024w, https:\/\/chatamala.cz\/wp-content\/uploads\/2022\/06\/20210827_101716-300x135.jpg 300w, https:\/\/chatamala.cz\/wp-content\/uploads\/2022\/06\/20210827_101716-768x346.jpg 768w, https:\/\/chatamala.cz\/wp-content\/uploads\/2022\/06\/20210827_101716-1536x691.jpg 1536w, https:\/\/chatamala.cz\/wp-content\/uploads\/2022\/06\/20210827_101716-2048x922.jpg 2048w\" sizes=\"auto, (max-width: 1024px) 100vw, 1024px\" \/><figcaption class=\"wp-element-caption\">lo\u017enice<\/figcaption><\/figure>\n<\/div><\/div>\n<\/div>\n<\/div>\n\n\n\n<figure class=\"wp-block-gallery has-nested-images columns-default is-cropped wp-block-gallery-1 is-layout-flex wp-block-gallery-is-layout-flex\">\n<figure class=\"wp-block-image size-large\"><img loading=\"lazy\" decoding=\"async\" width=\"576\" height=\"1024\" data-id=\"37\" src=\"https:\/\/chatamala.cz\/wp-content\/uploads\/2022\/06\/20220602_191353-1-576x1024.jpg\" alt=\"\" class=\"wp-image-37\" srcset=\"https:\/\/chatamala.cz\/wp-content\/uploads\/2022\/06\/20220602_191353-1-576x1024.jpg 576w, https:\/\/chatamala.cz\/wp-content\/uploads\/2022\/06\/20220602_191353-1-169x300.jpg 169w, https:\/\/chatamala.cz\/wp-content\/uploads\/2022\/06\/20220602_191353-1-768x1365.jpg 768w, https:\/\/chatamala.cz\/wp-content\/uploads\/2022\/06\/20220602_191353-1-864x1536.jpg 864w, https:\/\/chatamala.cz\/wp-content\/uploads\/2022\/06\/20220602_191353-1-1152x2048.jpg 1152w, https:\/\/chatamala.cz\/wp-content\/uploads\/2022\/06\/20220602_191353-1-scaled.jpg 1440w\" sizes=\"auto, (max-width: 576px) 100vw, 576px\" \/><figcaption class=\"wp-element-caption\">koupelna<\/figcaption><\/figure>\n<\/figure>\n\n\n\n<figure class=\"wp-block-image size-large\"><img decoding=\"async\" src=\"https:\/\/chatamala.cz\/wp-content\/uploads\/2022\/12\/20221218_151627-1024x576.jpg\" alt=\"\" class=\"wp-image-166\"\/><figcaption class=\"wp-element-caption\">V\u00e1no\u010dn\u00ed <\/figcaption><\/figure>\n\n\n\n<figure class=\"wp-block-image size-large\"><img loading=\"lazy\" decoding=\"async\" width=\"1024\" height=\"576\" src=\"https:\/\/chatamala.cz\/wp-content\/uploads\/2022\/06\/20220608_120640-1024x576.jpg\" alt=\"\" class=\"wp-image-118\" srcset=\"https:\/\/chatamala.cz\/wp-content\/uploads\/2022\/06\/20220608_120640-1024x576.jpg 1024w, https:\/\/chatamala.cz\/wp-content\/uploads\/2022\/06\/20220608_120640-300x169.jpg 300w, https:\/\/chatamala.cz\/wp-content\/uploads\/2022\/06\/20220608_120640-768x432.jpg 768w, https:\/\/chatamala.cz\/wp-content\/uploads\/2022\/06\/20220608_120640-1536x864.jpg 1536w, https:\/\/chatamala.cz\/wp-content\/uploads\/2022\/06\/20220608_120640-2048x1152.jpg 2048w\" sizes=\"auto, (max-width: 1024px) 100vw, 1024px\" \/><\/figure>\n\n\n\n<h2 class=\"wp-block-heading\">Ostatn\u00ed fotografie <\/h2>\n\n\n\n<figure class=\"wp-block-image size-full\"><img loading=\"lazy\" decoding=\"async\" width=\"1024\" height=\"576\" src=\"https:\/\/chatamala.cz\/wp-content\/uploads\/2023\/04\/20230406_164240.jpg\" alt=\"\" class=\"wp-image-186\" srcset=\"https:\/\/chatamala.cz\/wp-content\/uploads\/2023\/04\/20230406_164240.jpg 1024w, https:\/\/chatamala.cz\/wp-content\/uploads\/2023\/04\/20230406_164240-300x169.jpg 300w, https:\/\/chatamala.cz\/wp-content\/uploads\/2023\/04\/20230406_164240-768x432.jpg 768w\" sizes=\"auto, (max-width: 1024px) 100vw, 1024px\" \/><figcaption class=\"wp-element-caption\">terasa<\/figcaption><\/figure>\n\n\n\n<figure class=\"wp-block-image size-large\"><img loading=\"lazy\" decoding=\"async\" width=\"1024\" height=\"577\" src=\"https:\/\/chatamala.cz\/wp-content\/uploads\/2025\/02\/20240406_104619-1024x577.jpg\" alt=\"\" class=\"wp-image-206\" srcset=\"https:\/\/chatamala.cz\/wp-content\/uploads\/2025\/02\/20240406_104619-1024x577.jpg 1024w, https:\/\/chatamala.cz\/wp-content\/uploads\/2025\/02\/20240406_104619-300x169.jpg 300w, https:\/\/chatamala.cz\/wp-content\/uploads\/2025\/02\/20240406_104619-768x433.jpg 768w, https:\/\/chatamala.cz\/wp-content\/uploads\/2025\/02\/20240406_104619.jpg 1200w\" sizes=\"auto, (max-width: 1024px) 100vw, 1024px\" \/><\/figure>\n\n\n\n<p><\/p>\n\n\n\n<figure class=\"wp-block-image size-full\"><img loading=\"lazy\" decoding=\"async\" width=\"1024\" height=\"577\" src=\"https:\/\/chatamala.cz\/wp-content\/uploads\/2025\/02\/20240920_132417.jpg\" alt=\"\" class=\"wp-image-205\" srcset=\"https:\/\/chatamala.cz\/wp-content\/uploads\/2025\/02\/20240920_132417.jpg 1024w, https:\/\/chatamala.cz\/wp-content\/uploads\/2025\/02\/20240920_132417-300x169.jpg 300w, https:\/\/chatamala.cz\/wp-content\/uploads\/2025\/02\/20240920_132417-768x433.jpg 768w\" sizes=\"auto, (max-width: 1024px) 100vw, 1024px\" \/><\/figure>\n\n\n\n<figure class=\"wp-block-image size-full\"><img loading=\"lazy\" decoding=\"async\" width=\"1024\" height=\"576\" src=\"https:\/\/chatamala.cz\/wp-content\/uploads\/2023\/04\/20230406_164104.jpg\" alt=\"\" class=\"wp-image-187\" srcset=\"https:\/\/chatamala.cz\/wp-content\/uploads\/2023\/04\/20230406_164104.jpg 1024w, https:\/\/chatamala.cz\/wp-content\/uploads\/2023\/04\/20230406_164104-300x169.jpg 300w, https:\/\/chatamala.cz\/wp-content\/uploads\/2023\/04\/20230406_164104-768x432.jpg 768w\" sizes=\"auto, (max-width: 1024px) 100vw, 1024px\" \/><\/figure>\n\n\n\n<figure class=\"wp-block-image size-full\"><img loading=\"lazy\" decoding=\"async\" width=\"1024\" height=\"577\" src=\"https:\/\/chatamala.cz\/wp-content\/uploads\/2025\/02\/20240920_132345.jpg\" alt=\"\" class=\"wp-image-204\" srcset=\"https:\/\/chatamala.cz\/wp-content\/uploads\/2025\/02\/20240920_132345.jpg 1024w, https:\/\/chatamala.cz\/wp-content\/uploads\/2025\/02\/20240920_132345-300x169.jpg 300w, https:\/\/chatamala.cz\/wp-content\/uploads\/2025\/02\/20240920_132345-768x433.jpg 768w\" sizes=\"auto, (max-width: 1024px) 100vw, 1024px\" \/><\/figure>\n\n\n\n<figure class=\"wp-block-image size-full\"><img loading=\"lazy\" decoding=\"async\" width=\"577\" height=\"1024\" src=\"https:\/\/chatamala.cz\/wp-content\/uploads\/2025\/02\/20240723_201014-rotated.jpg\" alt=\"\" class=\"wp-image-203\" srcset=\"https:\/\/chatamala.cz\/wp-content\/uploads\/2025\/02\/20240723_201014-rotated.jpg 577w, https:\/\/chatamala.cz\/wp-content\/uploads\/2025\/02\/20240723_201014-169x300.jpg 169w\" sizes=\"auto, (max-width: 577px) 100vw, 577px\" \/><\/figure>\n\n\n\n<figure class=\"wp-block-image\"><img loading=\"lazy\" decoding=\"async\" width=\"1024\" height=\"576\" src=\"https:\/\/chatamala.cz\/wp-content\/uploads\/2022\/12\/20221127_012002-1024x576.jpg\" alt=\"\" class=\"wp-image-175\" srcset=\"https:\/\/chatamala.cz\/wp-content\/uploads\/2022\/12\/20221127_012002-1024x576.jpg 1024w, https:\/\/chatamala.cz\/wp-content\/uploads\/2022\/12\/20221127_012002-300x169.jpg 300w, https:\/\/chatamala.cz\/wp-content\/uploads\/2022\/12\/20221127_012002-768x432.jpg 768w, https:\/\/chatamala.cz\/wp-content\/uploads\/2022\/12\/20221127_012002-1536x864.jpg 1536w, https:\/\/chatamala.cz\/wp-content\/uploads\/2022\/12\/20221127_012002-2048x1152.jpg 2048w\" sizes=\"auto, (max-width: 1024px) 100vw, 1024px\" \/><\/figure>\n\n\n\n<figure class=\"wp-block-image\"><img loading=\"lazy\" decoding=\"async\" width=\"1024\" height=\"576\" src=\"https:\/\/chatamala.cz\/wp-content\/uploads\/2022\/12\/20221120_104222-1024x576.jpg\" alt=\"\" class=\"wp-image-171\" srcset=\"https:\/\/chatamala.cz\/wp-content\/uploads\/2022\/12\/20221120_104222-1024x576.jpg 1024w, https:\/\/chatamala.cz\/wp-content\/uploads\/2022\/12\/20221120_104222-300x169.jpg 300w, https:\/\/chatamala.cz\/wp-content\/uploads\/2022\/12\/20221120_104222-768x432.jpg 768w, https:\/\/chatamala.cz\/wp-content\/uploads\/2022\/12\/20221120_104222-1536x864.jpg 1536w, https:\/\/chatamala.cz\/wp-content\/uploads\/2022\/12\/20221120_104222-2048x1152.jpg 2048w\" sizes=\"auto, (max-width: 1024px) 100vw, 1024px\" \/><\/figure>\n\n\n\n<figure class=\"wp-block-image\"><img loading=\"lazy\" decoding=\"async\" width=\"1024\" height=\"485\" src=\"https:\/\/chatamala.cz\/wp-content\/uploads\/2022\/12\/20221014_092521-1024x485.jpg\" alt=\"\" class=\"wp-image-170\" srcset=\"https:\/\/chatamala.cz\/wp-content\/uploads\/2022\/12\/20221014_092521-1024x485.jpg 1024w, https:\/\/chatamala.cz\/wp-content\/uploads\/2022\/12\/20221014_092521-300x142.jpg 300w, https:\/\/chatamala.cz\/wp-content\/uploads\/2022\/12\/20221014_092521-768x364.jpg 768w, https:\/\/chatamala.cz\/wp-content\/uploads\/2022\/12\/20221014_092521-1536x727.jpg 1536w, https:\/\/chatamala.cz\/wp-content\/uploads\/2022\/12\/20221014_092521.jpg 1626w\" sizes=\"auto, (max-width: 1024px) 100vw, 1024px\" \/><\/figure>\n\n\n\n<figure class=\"wp-block-image\"><img loading=\"lazy\" decoding=\"async\" width=\"1024\" height=\"576\" src=\"https:\/\/chatamala.cz\/wp-content\/uploads\/2022\/12\/20221217_102934-1024x576.jpg\" alt=\"\" class=\"wp-image-172\" srcset=\"https:\/\/chatamala.cz\/wp-content\/uploads\/2022\/12\/20221217_102934-1024x576.jpg 1024w, https:\/\/chatamala.cz\/wp-content\/uploads\/2022\/12\/20221217_102934-300x169.jpg 300w, https:\/\/chatamala.cz\/wp-content\/uploads\/2022\/12\/20221217_102934-768x432.jpg 768w, https:\/\/chatamala.cz\/wp-content\/uploads\/2022\/12\/20221217_102934-1536x864.jpg 1536w, https:\/\/chatamala.cz\/wp-content\/uploads\/2022\/12\/20221217_102934-2048x1152.jpg 2048w\" sizes=\"auto, (max-width: 1024px) 100vw, 1024px\" \/><\/figure>\n\n\n\n<figure class=\"wp-block-image\"><img loading=\"lazy\" decoding=\"async\" width=\"1024\" height=\"576\" src=\"https:\/\/chatamala.cz\/wp-content\/uploads\/2022\/12\/20221211_190227-1024x576.jpg\" alt=\"\" class=\"wp-image-173\" srcset=\"https:\/\/chatamala.cz\/wp-content\/uploads\/2022\/12\/20221211_190227-1024x576.jpg 1024w, https:\/\/chatamala.cz\/wp-content\/uploads\/2022\/12\/20221211_190227-300x169.jpg 300w, https:\/\/chatamala.cz\/wp-content\/uploads\/2022\/12\/20221211_190227-768x432.jpg 768w, https:\/\/chatamala.cz\/wp-content\/uploads\/2022\/12\/20221211_190227-1536x864.jpg 1536w, https:\/\/chatamala.cz\/wp-content\/uploads\/2022\/12\/20221211_190227-2048x1152.jpg 2048w\" sizes=\"auto, (max-width: 1024px) 100vw, 1024px\" \/><\/figure>\n\n\n\n<figure class=\"wp-block-image size-full\"><img loading=\"lazy\" decoding=\"async\" width=\"1024\" height=\"576\" src=\"https:\/\/chatamala.cz\/wp-content\/uploads\/2023\/04\/20230410_201520.jpg\" alt=\"\" class=\"wp-image-185\" srcset=\"https:\/\/chatamala.cz\/wp-content\/uploads\/2023\/04\/20230410_201520.jpg 1024w, https:\/\/chatamala.cz\/wp-content\/uploads\/2023\/04\/20230410_201520-300x169.jpg 300w, https:\/\/chatamala.cz\/wp-content\/uploads\/2023\/04\/20230410_201520-768x432.jpg 768w\" sizes=\"auto, (max-width: 1024px) 100vw, 1024px\" \/><\/figure>\n\n\n\n<figure class=\"wp-block-image\"><img loading=\"lazy\" decoding=\"async\" width=\"1024\" height=\"576\" src=\"https:\/\/chatamala.cz\/wp-content\/uploads\/2022\/12\/20221127_184215-1024x576.jpg\" alt=\"\" class=\"wp-image-174\" srcset=\"https:\/\/chatamala.cz\/wp-content\/uploads\/2022\/12\/20221127_184215-1024x576.jpg 1024w, https:\/\/chatamala.cz\/wp-content\/uploads\/2022\/12\/20221127_184215-300x169.jpg 300w, https:\/\/chatamala.cz\/wp-content\/uploads\/2022\/12\/20221127_184215-768x432.jpg 768w, https:\/\/chatamala.cz\/wp-content\/uploads\/2022\/12\/20221127_184215-1536x864.jpg 1536w, https:\/\/chatamala.cz\/wp-content\/uploads\/2022\/12\/20221127_184215-2048x1152.jpg 2048w\" sizes=\"auto, (max-width: 1024px) 100vw, 1024px\" \/><\/figure>\n","protected":false},"excerpt":{"rendered":"<p>Ostatn\u00ed fotografie<\/p>\n","protected":false},"author":2,"featured_media":0,"parent":0,"menu_order":0,"comment_status":"closed","ping_status":"closed","template":"","meta":{"ngg_post_thumbnail":0,"footnotes":""},"class_list":["post-81","page","type-page","status-publish","hentry"],"_links":{"self":[{"href":"https:\/\/chatamala.cz\/index.php?rest_route=\/wp\/v2\/pages\/81","targetHints":{"allow":["GET"]}}],"collection":[{"href":"https:\/\/chatamala.cz\/index.php?rest_route=\/wp\/v2\/pages"}],"about":[{"href":"https:\/\/chatamala.cz\/index.php?rest_route=\/wp\/v2\/types\/page"}],"author":[{"embeddable":true,"href":"https:\/\/chatamala.cz\/index.php?rest_route=\/wp\/v2\/users\/2"}],"replies":[{"embeddable":true,"href":"https:\/\/chatamala.cz\/index.php?rest_route=%2Fwp%2Fv2%2Fcomments&post=81"}],"version-history":[{"count":16,"href":"https:\/\/chatamala.cz\/index.php?rest_route=\/wp\/v2\/pages\/81\/revisions"}],"predecessor-version":[{"id":214,"href":"https:\/\/chatamala.cz\/index.php?rest_route=\/wp\/v2\/pages\/81\/revisions\/214"}],"wp:attachment":[{"href":"https:\/\/chatamala.cz\/index.php?rest_route=%2Fwp%2Fv2%2Fmedia&parent=81"}],"curies":[{"name":"wp","href":"https:\/\/api.w.org\/{rel}","templated":true}]}}