{"id":69,"date":"2022-06-04T00:23:10","date_gmt":"2022-06-03T22:23:10","guid":{"rendered":"https:\/\/chatamala.cz\/?page_id=69"},"modified":"2022-07-12T13:12:04","modified_gmt":"2022-07-12T11:12:04","slug":"cenik","status":"publish","type":"page","link":"https:\/\/chatamala.cz\/?page_id=69","title":{"rendered":"Cen\u00edk"},"content":{"rendered":"\n<p>Kolik v\u00e1s ta spousta radosti bude st\u00e1t? Je\u0161t\u011b chv\u00edli vydr\u017ete, za chv\u00edli to dopln\u00edme. <\/p>\n","protected":false},"excerpt":{"rendered":"<p>Kolik v\u00e1s ta spousta radosti bude st\u00e1t? Je\u0161t\u011b chv\u00edli vydr\u017ete, za chv\u00edli to dopln\u00edme.<\/p>\n","protected":false},"author":2,"featured_media":0,"parent":0,"menu_order":0,"comment_status":"closed","ping_status":"closed","template":"","meta":{"ngg_post_thumbnail":0,"footnotes":""},"class_list":["post-69","page","type-page","status-publish","hentry"],"_links":{"self":[{"href":"https:\/\/chatamala.cz\/index.php?rest_route=\/wp\/v2\/pages\/69","targetHints":{"allow":["GET"]}}],"collection":[{"href":"https:\/\/chatamala.cz\/index.php?rest_route=\/wp\/v2\/pages"}],"about":[{"href":"https:\/\/chatamala.cz\/index.php?rest_route=\/wp\/v2\/types\/page"}],"author":[{"embeddable":true,"href":"https:\/\/chatamala.cz\/index.php?rest_route=\/wp\/v2\/users\/2"}],"replies":[{"embeddable":true,"href":"https:\/\/chatamala.cz\/index.php?rest_route=%2Fwp%2Fv2%2Fcomments&post=69"}],"version-history":[{"count":6,"href":"https:\/\/chatamala.cz\/index.php?rest_route=\/wp\/v2\/pages\/69\/revisions"}],"predecessor-version":[{"id":151,"href":"https:\/\/chatamala.cz\/index.php?rest_route=\/wp\/v2\/pages\/69\/revisions\/151"}],"wp:attachment":[{"href":"https:\/\/chatamala.cz\/index.php?rest_route=%2Fwp%2Fv2%2Fmedia&parent=69"}],"curies":[{"name":"wp","href":"https:\/\/api.w.org\/{rel}","templated":true}]}}