{"id":66,"date":"2022-06-04T00:19:59","date_gmt":"2022-06-03T22:19:59","guid":{"rendered":"https:\/\/chatamala.cz\/?page_id=66"},"modified":"2022-06-05T01:20:41","modified_gmt":"2022-06-04T23:20:41","slug":"podminky","status":"publish","type":"page","link":"https:\/\/chatamala.cz\/?page_id=66","title":{"rendered":"Pobyt"},"content":{"rendered":"\n<p>Sv\u011bt bez pravidel nefunguje &#8211; i my n\u011bjak\u00e1 m\u00e1me a jejich zn\u011bn\u00ed v\u00e1m po\u0161leme do e-mailu v okam\u017eiku potvrzen\u00e9 objedn\u00e1vky ubytov\u00e1n\u00ed. <\/p>\n","protected":false},"excerpt":{"rendered":"<p>Sv\u011bt bez pravidel nefunguje &#8211; i my n\u011bjak\u00e1 m\u00e1me a jejich zn\u011bn\u00ed v\u00e1m po\u0161leme do e-mailu v okam\u017eiku potvrzen\u00e9 objedn\u00e1vky ubytov\u00e1n\u00ed.<\/p>\n","protected":false},"author":2,"featured_media":0,"parent":0,"menu_order":0,"comment_status":"closed","ping_status":"closed","template":"","meta":{"ngg_post_thumbnail":0,"footnotes":""},"class_list":["post-66","page","type-page","status-publish","hentry"],"_links":{"self":[{"href":"https:\/\/chatamala.cz\/index.php?rest_route=\/wp\/v2\/pages\/66","targetHints":{"allow":["GET"]}}],"collection":[{"href":"https:\/\/chatamala.cz\/index.php?rest_route=\/wp\/v2\/pages"}],"about":[{"href":"https:\/\/chatamala.cz\/index.php?rest_route=\/wp\/v2\/types\/page"}],"author":[{"embeddable":true,"href":"https:\/\/chatamala.cz\/index.php?rest_route=\/wp\/v2\/users\/2"}],"replies":[{"embeddable":true,"href":"https:\/\/chatamala.cz\/index.php?rest_route=%2Fwp%2Fv2%2Fcomments&post=66"}],"version-history":[{"count":3,"href":"https:\/\/chatamala.cz\/index.php?rest_route=\/wp\/v2\/pages\/66\/revisions"}],"predecessor-version":[{"id":113,"href":"https:\/\/chatamala.cz\/index.php?rest_route=\/wp\/v2\/pages\/66\/revisions\/113"}],"wp:attachment":[{"href":"https:\/\/chatamala.cz\/index.php?rest_route=%2Fwp%2Fv2%2Fmedia&parent=66"}],"curies":[{"name":"wp","href":"https:\/\/api.w.org\/{rel}","templated":true}]}}