{"id":51,"date":"2022-06-03T23:15:41","date_gmt":"2022-06-03T21:15:41","guid":{"rendered":"https:\/\/chatamala.cz\/?page_id=51"},"modified":"2022-06-04T14:05:44","modified_gmt":"2022-06-04T12:05:44","slug":"kontakt","status":"publish","type":"page","link":"https:\/\/chatamala.cz\/?page_id=51","title":{"rendered":"Kontakt"},"content":{"rendered":"\n<p>Jak\u00e1 bude z\u00edtra teplota vody a rychlost v\u011btru sice nev\u00edme, ale na spoustu jin\u00fdch ot\u00e1zek odpov\u011b\u010f zn\u00e1me &#8211; nebojte se zeptat. <\/p>\n\n\n\n<p>e-mail : orlik@chatamala.cz<\/p>\n\n\n\n<p>telefon : +420 608 038 549<\/p>\n","protected":false},"excerpt":{"rendered":"<p>Jak\u00e1 bude z\u00edtra teplota vody a rychlost v\u011btru sice nev\u00edme, ale na spoustu jin\u00fdch ot\u00e1zek odpov\u011b\u010f zn\u00e1me &#8211; nebojte se zeptat. e-mail : orlik@chatamala.cz telefon : +420 608 038 549<\/p>\n","protected":false},"author":2,"featured_media":0,"parent":0,"menu_order":0,"comment_status":"closed","ping_status":"closed","template":"","meta":{"ngg_post_thumbnail":0,"footnotes":""},"class_list":["post-51","page","type-page","status-publish","hentry"],"_links":{"self":[{"href":"https:\/\/chatamala.cz\/index.php?rest_route=\/wp\/v2\/pages\/51","targetHints":{"allow":["GET"]}}],"collection":[{"href":"https:\/\/chatamala.cz\/index.php?rest_route=\/wp\/v2\/pages"}],"about":[{"href":"https:\/\/chatamala.cz\/index.php?rest_route=\/wp\/v2\/types\/page"}],"author":[{"embeddable":true,"href":"https:\/\/chatamala.cz\/index.php?rest_route=\/wp\/v2\/users\/2"}],"replies":[{"embeddable":true,"href":"https:\/\/chatamala.cz\/index.php?rest_route=%2Fwp%2Fv2%2Fcomments&post=51"}],"version-history":[{"count":5,"href":"https:\/\/chatamala.cz\/index.php?rest_route=\/wp\/v2\/pages\/51\/revisions"}],"predecessor-version":[{"id":75,"href":"https:\/\/chatamala.cz\/index.php?rest_route=\/wp\/v2\/pages\/51\/revisions\/75"}],"wp:attachment":[{"href":"https:\/\/chatamala.cz\/index.php?rest_route=%2Fwp%2Fv2%2Fmedia&parent=51"}],"curies":[{"name":"wp","href":"https:\/\/api.w.org\/{rel}","templated":true}]}}