{"id":133,"date":"2022-07-19T19:18:39","date_gmt":"2022-07-19T17:18:39","guid":{"rendered":"https:\/\/chatamala.cz\/?page_id=133"},"modified":"2024-08-13T09:19:51","modified_gmt":"2024-08-13T07:19:51","slug":"provozni-rad","status":"publish","type":"page","link":"https:\/\/chatamala.cz\/?page_id=133","title":{"rendered":"Provozn\u00ed \u0158\u00e1d"},"content":{"rendered":"\n<h1 class=\"wp-block-heading\" id=\"pagetitle\"><\/h1>\n\n\n\n<p><\/p>\n\n\n\n<p><strong>P\u0159\u00edjezd a odjezd<\/strong><\/p>\n\n\n\n<ol class=\"wp-block-list\">\n<li>Ubytov\u00e1n\u00ed host\u016f prob\u00edh\u00e1 od 15.00 do 17:00 hodin. V\u00fdjimky jsou mo\u017en\u00e9 po p\u0159edchoz\u00ed dohod\u011b.<\/li>\n\n\n\n<li>Maxim\u00e1ln\u00ed po\u010det ubytovan\u00fdch je 5 osob v\u010detn\u011b d\u011bt\u00ed, nesm\u00ed b\u00fdt n\u00e1jemcem p\u0159ekro\u010den.<\/li>\n\n\n\n<li>P\u0159i n\u00e1stupu na pobyt p\u0159edlo\u017e\u00ed host doklady toto\u017enosti.<\/li>\n\n\n\n<li>Jako zaji\u0161t\u011bn\u00ed (kauci) je povinen n\u00e1jemce zaplatit p\u0159ed n\u00e1stupem do rekrea\u010dn\u00edho objektu \u010d\u00e1stku ve<br \/>v\u00fd\u0161i 5.000,&#8211; K\u010d (10.000,&#8211; K\u010d ciz\u00ed st\u00e1tn\u00ed p\u0159\u00edslu\u0161n\u00edci) v hotovosti oproti p\u0159ed\u00e1n\u00ed kl\u00ed\u010d\u016f od Chata Mal\u00e1.<br \/>Tato kauce bude v p\u0159\u00edpad\u011b beze\u0161kodn\u00e9ho pobytu v hotovosti vr\u00e1cena n\u00e1jemci p\u0159i p\u0159evzet\u00ed chaty zp\u011bt pronaj\u00edmatelem.<\/li>\n\n\n\n<li>P\u0159i pobytu n\u00e1jemce p\u0159eb\u00edr\u00e1 chatu v\u010detn\u011b p\u0159\u00edslu\u0161enstv\u00ed bez z\u00e1vad. P\u0159\u00edpadn\u00e9 z\u00e1vady je povinen<br \/>neprodlen\u011b nahl\u00e1sit pronaj\u00edmateli.<\/li>\n\n\n\n<li>Chata mus\u00ed b\u00fdt vyklizena a kl\u00ed\u010de p\u0159ed\u00e1ny spr\u00e1vci v den ukon\u010den\u00ed pobytu, nejpozd\u011bji do 10.00 hod. Spr\u00e1vce provede zb\u011b\u017enou kontrolu.&nbsp;<\/li>\n\n\n\n<li>P\u0159ed odjezdem je host povinen uklidit chatu, um\u00fdt n\u00e1dob\u00ed, vyklidit lednici. Nadpr\u016fm\u011brn\u00e9 zne\u010di\u0161t\u011bn\u00ed \u2013 v cen\u011b je zahrnut standardn\u00ed \u00faklid, v\u011bt\u0161\u00ed zne\u010di\u0161t\u011bn\u00ed chaty (bl\u00e1to na podlaze, \u0161pinav\u00e1 lednice, neumyt\u00e9 n\u00e1dob\u00ed, \u0161pinav\u00e9 zdi, nepo\u0159\u00e1dek a odpadky kolem chalupy apod.) bude v p\u0159\u00edpad\u011b neuveden\u00ed do po\u0159\u00e1dku \u00fa\u010dtov\u00e1no smluvn\u00ed pokutou ve v\u00fd\u0161i a\u017e 2.000,&#8211;K\u010d a uhrazeno na bankovn\u00ed \u00fa\u010det&nbsp;do sedmi dn\u00ed po odjezdu. Rozbit\u00e9 vybaven\u00ed \u2013 \u00fa\u010dtujeme pouze po\u0159izovac\u00ed ceny. P\u0159ed ukon\u010den\u00edm pobytu vy\u010dkat na p\u0159\u00edjezd spr\u00e1vce a prov\u00e9st \u0159\u00e1dn\u00e9 p\u0159ed\u00e1n\u00ed objektu.<\/li>\n<\/ol>\n\n\n\n<p><strong>P\u0159\u00edslu\u0161enstv\u00ed chaty:<\/strong>&nbsp; klimatizace, rozkl\u00e1dac\u00ed gau\u010d modr\u00fd v\u010d. pol\u0161t\u00e1\u0159\u016f, deka a pl\u00e9d, koberec, konferen\u010dn\u00ed stolek,  , 1ks LCD SAMSUNG 40\u00b4settopbox\u00b4, postel na m\u00edru 3x 80x200cm v\u010d. lo\u017en\u00edho pr\u00e1dla,  sk\u0159\u00ed\u0148 , kuchy\u0148sk\u00e1 linka, induk\u010dn\u00ed deska, d\u0159ez FRANKE v\u010d. baterie, hasic\u00ed p\u0159\u00edstroj, ledni\u010dka Beko, j\u00eddeln\u00ed st\u016fl, 4ks \u017eidle , sprchov\u00fd kout s posuvn\u00fdm sklem, umyvadlo se sk\u0159\u00ed\u0148kou , toaleta se softclose zav\u00edr\u00e1n\u00edm , infra z\u00e1\u0159i\u010d n\u00e1st\u011bnn\u00fd, venkovn\u00ed sedac\u00ed souprava \u2013 skle\u0148\u011bn\u00fd st\u016fl, slune\u010dn\u00edk 4x rozkladac\u00ed  k\u0159esla ( v\u010d. matrace nutno ukl\u00edzet na noc a v&nbsp;de\u0161ti).<\/p>\n\n\n\n<p><strong>Pravidla chov\u00e1n\u00ed host\u016f<\/strong><\/p>\n\n\n\n<ol class=\"wp-block-list\">\n<li>V pronaj\u00edman\u00e9m objektu je pod hrozbou okam\u017eit\u00e9ho ukon\u010den\u00ed pobytu zak\u00e1z\u00e1no kou\u0159en\u00ed, u\u017e\u00edv\u00e1n\u00ed drog \u010di jin\u00fdch psychotropn\u00edch l\u00e1tek.&nbsp;<br \/><\/li>\n\n\n\n<li>N\u00e1jemce je povinen udr\u017eovat a zanechat objekt, kter\u00fd si pronajal, v \u010dist\u00e9m a p\u016fvodn\u00edm stavu. Pro udr\u017een\u00ed dom\u00e1c\u00edho prost\u0159ed\u00ed pros\u00edme u vchodu do chalupy o p\u0159ezouv\u00e1n\u00ed. P\u0159\u00edsn\u00fd z\u00e1kaz vstupu v ly\u017ea\u0159sk\u00e9 obuvi. &nbsp;<br \/><\/li>\n\n\n\n<li>Je zak\u00e1z\u00e1no odhazovat odpadky mimo ur\u010den\u00e9 m\u00edsto (odpadkov\u00fd ko\u0161, popelnice), nebo jinak zne\u010di\u0161\u0165ovat prostory chaty. Kontejnery na t\u0159\u00edd\u011bn\u00fd odpadu se nach\u00e1z\u00ed Autocampu u sprch\/z\u00e1chodu.&nbsp;<br \/><\/li>\n\n\n\n<li>Na pokoj\u00edch nen\u00ed mo\u017eno u\u017e\u00edvat vlastn\u00ed elektrick\u00e9 spot\u0159ebi\u010de. N\u00e1jemce nesm\u00ed p\u0159em\u00eds\u0165ovat n\u00e1bytek, vybaven\u00ed, prov\u00e1d\u011bt jak\u00e9koliv \u00fapravy a zasahovat do elektrick\u00e9 s\u00edt\u011b a jin\u00fdch instalac\u00ed. N\u00e1bytek z chaty t\u00e9\u017e nen\u00ed mo\u017eno p\u0159esouvat na terasu.&nbsp;<br \/><\/li>\n\n\n\n<li>V p\u0159\u00edpad\u011b po\u0161kozen\u00ed pokoj\u016f nebo jin\u00fdch prostor chaty nebo p\u0159i ztr\u00e1t\u011b kl\u00ed\u010d\u016f je spr\u00e1vce opr\u00e1vn\u011bn po hostovi po\u017eadovat odpov\u00eddaj\u00edc\u00ed finan\u010dn\u00ed n\u00e1hradu. V p\u0159\u00edpad\u011b ztr\u00e1ty kl\u00ed\u010d\u016f je host povinen zaplatit ubytovateli smluvn\u00ed pokutu vev\u00fd\u0161i 4.000,-K\u010d.&nbsp;<br \/><\/li>\n\n\n\n<li>No\u010dn\u00ed klid plat\u00ed od 22:00 hod do 6:00 hod.<\/li>\n\n\n\n<li>Host\u00e9 nejsou opr\u00e1vn\u011bni vodit do ubytovac\u00edho prostoru osoby neubytovan\u00e9.<\/li>\n\n\n\n<li>Do technick\u00e9 zazem\u00ed m\u00e1 p\u0159\u00edstup pouze n\u00e1jemce, jinak z\u016fst\u00e1v\u00e1 z bezpe\u010dnostn\u00edch d\u016fvod\u016f uzav\u0159eno.<\/li>\n<\/ol>\n\n\n\n<p><strong>Zodpov\u011bdnost za \u0161kody na zdrav\u00ed a majetku<\/strong><\/p>\n\n\n\n<ol class=\"wp-block-list\">\n<li>P\u0159i odchodu z chaty je host zodpov\u011bdn\u00fd za zkontrolov\u00e1n\u00ed elektrick\u00fdch spot\u0159ebi\u010d\u016f (infra z\u00e1\u0159i\u010d, varn\u00e1 deska, atd.).&nbsp;<\/li>\n\n\n\n<li>Tr\u00e1my a z\u00e1bradl\u00ed v horn\u00edho nejsou tedy ur\u010deny k lezen\u00ed, houp\u00e1n\u00ed a k podobn\u00fdm aktivit\u00e1m. Na interi\u00e9rov\u00e9m schodi\u0161ti je t\u0159eba d\u00e1vat pozor, schodnice klou\u017eou, hroz\u00ed nebezpe\u010d\u00ed poran\u011bn\u00ed.<\/li>\n\n\n\n<li>Pronaj\u00edmatel sezn\u00e1m\u00ed n\u00e1jemce s ovl\u00e1d\u00e1n\u00edm infra topen\u00ed v koupeln\u011b  a klimatizace. Je nutn\u00e9 db\u00e1t na to, aby d\u011bti st\u011bmito spot\u0159ebi\u010di nemanipulovali . M\u016f\u017ee doj\u00edt k poran\u011bn\u00ed \u010di popalen\u00ed.&nbsp;<\/li>\n\n\n\n<li>Ka\u017ed\u00fd p\u0159\u00edtomn\u00fd je povinen neprodlen\u011b ohl\u00e1sit nebezpe\u010d\u00ed vzniku po\u017e\u00e1ru, situace vy\u017eaduj\u00edc\u00ed z\u00e1sah policie nebo l\u00e9ka\u0159sk\u00e9 o\u0161et\u0159en\u00ed a v r\u00e1mci sv\u00fdch mo\u017enost\u00ed u\u010dinit v\u0161e, aby zabr\u00e1nil \u0161\u00ed\u0159en\u00ed po\u017e\u00e1ru \u010di odvr\u00e1til hroz\u00edc\u00ed nebezpe\u010d\u00ed. V zimn\u00edm obdob\u00ed jsou ubytovan\u00ed povinni pravideln\u011b odkl\u00edzet vlastn\u00edmi silami sn\u00edh z p\u0159\u00edjezdov\u00e9 cesty p\u0159ed chatou a okolo, majitel nenese odpov\u011bdnost za \u00farazy \u010di \u0161kody na majetku zp\u016fsoben\u00e9 nedostate\u010dn\u00fdm odklizen\u00edm sn\u011bhu okolo objektu nebo p\u00e1dem sn\u011bhu ze st\u0159echy. Neparkovat auto jinde ne\u017e ur\u010den\u00e9m parkovac\u00edm st\u00e1n\u00ed. V cen\u011b pobytu nen\u00ed obsa\u017eeno poji\u0161t\u011bn\u00ed. Za \u00farazy a po\u0161kozen\u00ed nebo odcizen\u00ed majetku a odpov\u011bdnost za \u0161kody zp\u016fsoben\u00e9 na zdrav\u00ed a majetku t\u0159et\u00ed osob\u011b provozovatel neodpov\u00edd\u00e1. Nenech\u00e1vat d\u011bti bez dozoru v objektu ani v jeho bezprost\u0159edn\u00edm okol\u00ed. Za jejich bezpe\u010dnost a jimi zp\u016fsoben\u00e9 \u0161kody zodpov\u00eddaj\u00ed v\u017edy rodi\u010de nebo jejich z\u00e1konn\u00ed z\u00e1stupci.<\/li>\n<\/ol>\n\n\n\n<h2 class=\"wp-block-heading\"><\/h2>\n","protected":false},"excerpt":{"rendered":"<p>P\u0159\u00edjezd a odjezd P\u0159\u00edslu\u0161enstv\u00ed chaty:&nbsp; klimatizace, rozkl\u00e1dac\u00ed gau\u010d modr\u00fd v\u010d. pol\u0161t\u00e1\u0159\u016f, deka a pl\u00e9d, koberec, konferen\u010dn\u00ed stolek, , 1ks LCD SAMSUNG 40\u00b4settopbox\u00b4, postel na m\u00edru 3x 80x200cm v\u010d. lo\u017en\u00edho pr\u00e1dla, sk\u0159\u00ed\u0148 , kuchy\u0148sk\u00e1 linka, induk\u010dn\u00ed deska, d\u0159ez FRANKE v\u010d. baterie, hasic\u00ed p\u0159\u00edstroj, ledni\u010dka Beko, j\u00eddeln\u00ed st\u016fl, 4ks \u017eidle , sprchov\u00fd kout s posuvn\u00fdm sklem, umyvadlo [&hellip;]<\/p>\n","protected":false},"author":1,"featured_media":0,"parent":0,"menu_order":0,"comment_status":"closed","ping_status":"closed","template":"","meta":{"ngg_post_thumbnail":0,"footnotes":""},"class_list":["post-133","page","type-page","status-publish","hentry"],"_links":{"self":[{"href":"https:\/\/chatamala.cz\/index.php?rest_route=\/wp\/v2\/pages\/133","targetHints":{"allow":["GET"]}}],"collection":[{"href":"https:\/\/chatamala.cz\/index.php?rest_route=\/wp\/v2\/pages"}],"about":[{"href":"https:\/\/chatamala.cz\/index.php?rest_route=\/wp\/v2\/types\/page"}],"author":[{"embeddable":true,"href":"https:\/\/chatamala.cz\/index.php?rest_route=\/wp\/v2\/users\/1"}],"replies":[{"embeddable":true,"href":"https:\/\/chatamala.cz\/index.php?rest_route=%2Fwp%2Fv2%2Fcomments&post=133"}],"version-history":[{"count":19,"href":"https:\/\/chatamala.cz\/index.php?rest_route=\/wp\/v2\/pages\/133\/revisions"}],"predecessor-version":[{"id":197,"href":"https:\/\/chatamala.cz\/index.php?rest_route=\/wp\/v2\/pages\/133\/revisions\/197"}],"wp:attachment":[{"href":"https:\/\/chatamala.cz\/index.php?rest_route=%2Fwp%2Fv2%2Fmedia&parent=133"}],"curies":[{"name":"wp","href":"https:\/\/api.w.org\/{rel}","templated":true}]}}